{"id":21093,"date":"2023-10-24T12:05:54","date_gmt":"2023-10-24T12:05:54","guid":{"rendered":"https:\/\/www.mhic.cat\/colleccio-migrant\/"},"modified":"2023-11-21T10:51:55","modified_gmt":"2023-11-21T10:51:55","slug":"colleccio-migrant","status":"publish","type":"page","link":"https:\/\/www.mhic.cat\/es\/colleccio-migrant\/","title":{"rendered":"Colleccio migrant"},"content":{"rendered":"<section class=\"wpb-content-wrapper\"><p>[vc_row row_height_percent=\u00bb0&#8243; override_padding=\u00bbyes\u00bb h_padding=\u00bb2&#8243; top_padding=\u00bb3&#8243; bottom_padding=\u00bb2&#8243; back_color=\u00bbPearl\u00bb overlay_alpha=\u00bb50&#8243; gutter_size=\u00bb3&#8243; column_width_percent=\u00bb100&#8243; shift_y=\u00bb0&#8243; z_index=\u00bb0&#8243; uncode_shortcode_id=\u00bb209592&#8243; back_color_type=\u00bbuncode-palette\u00bb][vc_column column_width_percent=\u00bb100&#8243; gutter_size=\u00bb3&#8243; overlay_alpha=\u00bb50&#8243; shift_x=\u00bb0&#8243; shift_y=\u00bb0&#8243; shift_y_down=\u00bb0&#8243; z_index=\u00bb0&#8243; medium_width=\u00bb0&#8243; mobile_width=\u00bb0&#8243; width=\u00bb1\/1&#8243; uncode_shortcode_id=\u00bb854726&#8243;][vc_custom_heading text_color=\u00bbcolor-jevc\u00bb heading_semantic=\u00bbdiv\u00bb text_font=\u00bbRoboto-Slab\u00bb text_size=\u00bbfontsize-104459&#8243; text_weight=\u00bb700&#8243; uncode_shortcode_id=\u00bb382488&#8243; text_color_type=\u00bbuncode-palette\u00bb el_class=\u00bbsection-title-pearl\u00bb]\u00bfUN MUSEO IMAGINARIO? UNA COLECCI\u00d3N MIGRANTE.[\/vc_custom_heading][vc_custom_heading text_color=\u00bbaccent\u00bb heading_semantic=\u00bbp\u00bb text_font=\u00bbFira-Sans\u00bb text_size=\u00bb\u00bb text_weight=\u00bb500&#8243; text_height=\u00bbfontheight-533793&#8243; uncode_shortcode_id=\u00bb112683&#8243; text_color_type=\u00bbuncode-palette\u00bb]Las piezas que conforman las colecciones de los museos tienen vida propia. En el caso de los objetos del fondo del Museo de historia de la inmigraci\u00f3n de Catalu\u00f1a (MhiC), adem\u00e1s de vida, tienen memoria, guardan los recuerdos asociados al gesto migratorio. Y hemos querido despertar los objetos encerrados en las vitrinas y en las cajas con un sue\u00f1o inquieto, y darles voz para que expliquen su historia.[\/vc_custom_heading][vc_custom_heading text_color=\u00bbaccent\u00bb heading_semantic=\u00bbp\u00bb text_font=\u00bbFira-Sans\u00bb text_size=\u00bb\u00bb text_weight=\u00bb300&#8243; text_height=\u00bbfontheight-533793&#8243; uncode_shortcode_id=\u00bb171694&#8243; text_color_type=\u00bbuncode-palette\u00bb]La colecci\u00f3n del MhiC se representa mediante la memoria de los objetos silenciados que aspira a ser un peque\u00f1o cat\u00e1logo con un gran significado. Este producto se ha inspirado en Andr\u00e9 Malraux y su idea de invitar a la creaci\u00f3n de un museo subjetivo donde cada visitante pueda hacer su propia colecci\u00f3n con obras de diversas \u00e9pocas, t\u00e9cnicas y elementos est\u00e9ticos sin m\u00e1s orden que la propia experiencia individual del visitante.[\/vc_custom_heading][\/vc_column][\/vc_row][vc_row row_height_percent=\u00bb0&#8243; override_padding=\u00bbyes\u00bb h_padding=\u00bb2&#8243; top_padding=\u00bb2&#8243; bottom_padding=\u00bb3&#8243; back_color=\u00bbPearl\u00bb overlay_alpha=\u00bb50&#8243; gutter_size=\u00bb3&#8243; column_width_percent=\u00bb100&#8243; shift_y=\u00bb0&#8243; z_index=\u00bb0&#8243; uncode_shortcode_id=\u00bb193135&#8243; back_color_type=\u00bbuncode-palette\u00bb][vc_column column_width_percent=\u00bb100&#8243; gutter_size=\u00bb3&#8243; overlay_alpha=\u00bb50&#8243; shift_x=\u00bb0&#8243; shift_y=\u00bb0&#8243; shift_y_down=\u00bb0&#8243; z_index=\u00bb0&#8243; medium_width=\u00bb0&#8243; mobile_width=\u00bb0&#8243; width=\u00bb1\/1&#8243; uncode_shortcode_id=\u00bb175312&#8243;][uncode_index el_id=\u00bbindex-1179619133&#8243; isotope_mode=\u00bbfitRows\u00bb loop=\u00bbsize:6|order_by:date|order:DESC|post_type:collecciomigrant|taxonomy_count:10&#8243; screen_lg=\u00bb1000&#8243; screen_md=\u00bb600&#8243; screen_sm=\u00bb480&#8243; gutter_size=\u00bb3&#8243; post_items=\u00bbmedia|featured|onpost|poster,date,title,text|full|80&#8243; collecciomigrant_items=\u00bbmedia|featured|onpost|original,title\u00bb infinite=\u00bbyes\u00bb infinite_button=\u00bbyes\u00bb infinite_hover_fx=\u00bboutlined\u00bb infinite_button_outline=\u00bbyes\u00bb infinite_button_color=\u00bbcolor-jevc\u00bb single_width=\u00bb6&#8243; images_size=\u00bbone-one\u00bb single_shape=\u00bbround\u00bb radius=\u00bbxs\u00bb single_overlay_opacity=\u00bb5&#8243; single_padding=\u00bb1&#8243; single_title_semantic=\u00bbp\u00bb single_title_family=\u00bbFira-Sans\u00bb single_title_weight=\u00bb700&#8243; single_title_height=\u00bbfontheight-533793&#8243; single_text_lead=\u00bbsmall\u00bb single_shadow=\u00bbyes\u00bb shadow_darker=\u00bbyes\u00bb single_border=\u00bbyes\u00bb single_css_animation=\u00bbalpha-anim\u00bb single_half_padding=\u00bb\u00bb single_title_uppercase=\u00bb\u00bb single_title_bold=\u00bbyes\u00bb single_title_serif=\u00bb\u00bb single_title_divider=\u00bb\u00bb single_no_background=\u00bb\u00bb footer_position=\u00bbleft\u00bb carousel_rtl=\u00bb\u00bb uncode_shortcode_id=\u00bb524909&#8243; infinite_button_text=\u00bbVER M\u00c1S\u00bb infinite_button_color_type=\u00bbuncode-palette\u00bb el_class=\u00bbcolleccio-migrant-list\u00bb][\/vc_column][\/vc_row]<\/p>\n<\/section>","protected":false},"excerpt":{"rendered":"<p>[vc_row row_height_percent=\u00bb0&#8243; override_padding=\u00bbyes\u00bb h_padding=\u00bb2&#8243; top_padding=\u00bb3&#8243; bottom_padding=\u00bb2&#8243; back_color=\u00bbPearl\u00bb overlay_alpha=\u00bb50&#8243; gutter_size=\u00bb3&#8243; column_width_percent=\u00bb100&#8243; shift_y=\u00bb0&#8243; z_index=\u00bb0&#8243; uncode_shortcode_id=\u00bb209592&#8243; back_color_type=\u00bbuncode-palette\u00bb][vc_column column_width_percent=\u00bb100&#8243; gutter_size=\u00bb3&#8243; overlay_alpha=\u00bb50&#8243; shift_x=\u00bb0&#8243; shift_y=\u00bb0&#8243; shift_y_down=\u00bb0&#8243; [&hellip;]<\/p>\n","protected":false},"author":1,"featured_media":0,"parent":0,"menu_order":0,"comment_status":"closed","ping_status":"closed","template":"","meta":{"footnotes":""},"acf":[],"_links":{"self":[{"href":"https:\/\/www.mhic.cat\/es\/wp-json\/wp\/v2\/pages\/21093"}],"collection":[{"href":"https:\/\/www.mhic.cat\/es\/wp-json\/wp\/v2\/pages"}],"about":[{"href":"https:\/\/www.mhic.cat\/es\/wp-json\/wp\/v2\/types\/page"}],"author":[{"embeddable":true,"href":"https:\/\/www.mhic.cat\/es\/wp-json\/wp\/v2\/users\/1"}],"replies":[{"embeddable":true,"href":"https:\/\/www.mhic.cat\/es\/wp-json\/wp\/v2\/comments?post=21093"}],"version-history":[{"count":3,"href":"https:\/\/www.mhic.cat\/es\/wp-json\/wp\/v2\/pages\/21093\/revisions"}],"predecessor-version":[{"id":21099,"href":"https:\/\/www.mhic.cat\/es\/wp-json\/wp\/v2\/pages\/21093\/revisions\/21099"}],"wp:attachment":[{"href":"https:\/\/www.mhic.cat\/es\/wp-json\/wp\/v2\/media?parent=21093"}],"curies":[{"name":"wp","href":"https:\/\/api.w.org\/{rel}","templated":true}]}}