{"id":21172,"date":"2023-10-10T09:14:25","date_gmt":"2023-10-10T09:14:25","guid":{"rendered":"https:\/\/www.mhic.cat\/visitans\/"},"modified":"2025-08-04T17:43:58","modified_gmt":"2025-08-04T17:43:58","slug":"visitans","status":"publish","type":"page","link":"https:\/\/www.mhic.cat\/es\/visitans\/","title":{"rendered":"Visita&#8217;ns"},"content":{"rendered":"<section class=\"wpb-content-wrapper\"><p>[vc_row row_height_percent=\u00bb0&#8243; override_padding=\u00bbyes\u00bb h_padding=\u00bb2&#8243; top_padding=\u00bb3&#8243; bottom_padding=\u00bb2&#8243; overlay_alpha=\u00bb50&#8243; gutter_size=\u00bb3&#8243; column_width_percent=\u00bb100&#8243; shift_y=\u00bb0&#8243; z_index=\u00bb0&#8243; uncode_shortcode_id=\u00bb330958&#8243;][vc_column width=\u00bb1\/1&#8243;][vc_custom_heading text_color=\u00bbcolor-jevc\u00bb heading_semantic=\u00bbdiv\u00bb text_font=\u00bbRoboto-Slab\u00bb text_size=\u00bbh4&#8243; text_weight=\u00bb700&#8243; uncode_shortcode_id=\u00bb383991&#8243; text_color_type=\u00bbuncode-palette\u00bb el_class=\u00bbsection-title-pearl\u00bb]HORARIOS[\/vc_custom_heading][vc_empty_space empty_h=\u00bb1&#8243;][vc_row_inner row_inner_height_percent=\u00bb0&#8243; overlay_alpha=\u00bb50&#8243; gutter_size=\u00bb5&#8243; shift_y=\u00bb0&#8243; z_index=\u00bb0&#8243; uncode_shortcode_id=\u00bb197719&#8243;][vc_column_inner width=\u00bb1\/2&#8243;][vc_custom_heading text_color=\u00bbFinch\u00bb heading_semantic=\u00bbdiv\u00bb text_font=\u00bbFira-Sans\u00bb text_size=\u00bbfontsize-186462&#8243; text_weight=\u00bb700&#8243; sub_reduced=\u00bbyes\u00bb uncode_shortcode_id=\u00bb689070&#8243; text_color_type=\u00bbuncode-palette\u00bb]Museo de historia de la inmigraci\u00f3n de Catalu\u00f1a (MhiC)[\/vc_custom_heading][vc_custom_heading text_color=\u00bbcolor-jevc\u00bb heading_semantic=\u00bbdiv\u00bb text_font=\u00bbFira-Sans\u00bb text_size=\u00bb\u00bb text_weight=\u00bb300&#8243; uncode_shortcode_id=\u00bb754298&#8243; text_color_type=\u00bbuncode-palette\u00bb]De martes a s\u00e1bado de 10h a 14h y martes y jueves de 16h a 19h.<\/p>\n<p>Todos los festivos y festivos locales de Sant Adri\u00e0 de Bes\u00f2s el MhiC permanecer\u00e1 cerrado.<\/p>\n<p>El 8 de septiembre el MhiC est\u00e1 cerrado.<\/p>\n<p>El 11 de septiembre el MhiC est\u00e1 cerrado.<\/p>\n<p>El mes de agosto el MhiC, permanecer\u00e1 cerrado-[\/vc_custom_heading][vc_empty_space empty_h=\u00bb2&#8243;][\/vc_column_inner][vc_column_inner width=\u00bb1\/2&#8243;][vc_custom_heading text_color=\u00bbFinch\u00bb heading_semantic=\u00bbdiv\u00bb text_font=\u00bbFira-Sans\u00bb text_size=\u00bbfontsize-186462&#8243; text_weight=\u00bb700&#8243; sub_reduced=\u00bbyes\u00bb uncode_shortcode_id=\u00bb148981&#8243; text_color_type=\u00bbuncode-palette\u00bb]Refugio Antia\u00e9reo de la Placeta Maci\u00e0[\/vc_custom_heading][vc_custom_heading text_color=\u00bbcolor-jevc\u00bb heading_semantic=\u00bbdiv\u00bb text_font=\u00bbFira-Sans\u00bb text_size=\u00bb\u00bb text_weight=\u00bb300&#8243; uncode_shortcode_id=\u00bb647506&#8243; text_color_type=\u00bbuncode-palette\u00bb]<strong>Visitas guiadas<\/strong>: Martes y jueves de 10h a 14h. Jueves tarde de 16h a 19h. Incluye el pase del film \u201cEls nens del Pla de Bes\u00f2s\u201d<\/p>\n<p>&nbsp;<\/p>\n<p><strong>Visitas libres<\/strong>: Los \u00faltimos s\u00e1bados de cada mes, entre las 11h y las 14h (los meses de diciembre y agosto el Refugio est\u00e1 cerrado)<\/p>\n<p>&nbsp;<\/p>\n<p><strong>Todas las visitas son con reserva previa y gratuitas.<\/strong><\/p>\n<p>&nbsp;<\/p>\n<p>&nbsp;<\/p>\n<p><strong>RefugiART: Actuaciones el primer viernes de mes.<\/strong>[\/vc_custom_heading][vc_empty_space empty_h=\u00bb2&#8243;][\/vc_column_inner][\/vc_row_inner][vc_empty_space empty_h=\u00bb2&#8243;][vc_custom_heading text_color=\u00bbcolor-jevc\u00bb heading_semantic=\u00bbdiv\u00bb text_font=\u00bbRoboto-Slab\u00bb text_size=\u00bbh4&#8243; text_weight=\u00bb700&#8243; uncode_shortcode_id=\u00bb702495&#8243; text_color_type=\u00bbuncode-palette\u00bb el_class=\u00bbsection-title-pearl\u00bb]RESERVAS[\/vc_custom_heading][vc_empty_space empty_h=\u00bb1&#8243;][vc_custom_heading text_color=\u00bbcolor-jevc\u00bb heading_semantic=\u00bbdiv\u00bb text_font=\u00bbFira-Sans\u00bb text_size=\u00bb\u00bb text_weight=\u00bb700&#8243; sub_reduced=\u00bbyes\u00bb uncode_shortcode_id=\u00bb894396&#8243; text_color_type=\u00bbuncode-palette\u00bb]Rellena el siguiente formulario para reservar una visita guiada en grupo:[\/vc_custom_heading][vc_custom_heading text_color=\u00bbcolor-jevc\u00bb heading_semantic=\u00bbdiv\u00bb text_font=\u00bbFira-Sans\u00bb text_size=\u00bb\u00bb text_weight=\u00bb300&#8243; uncode_shortcode_id=\u00bb227646&#8243; text_color_type=\u00bbuncode-palette\u00bb]Las visitas guiadas son gratuitas.<br \/>\nRequieren un m\u00ednimo de 10 personas para que se lleven a cabo y un m\u00e1ximo de 25 personas. La fecha y hora propuestas no pueden garantizarse porque est\u00e1n sometidas a la demanda ya la agenda del museo.<br \/>\nLa reserva no queda cerrada hasta que haya recibido respuesta de confirmaci\u00f3n del MhiC.[\/vc_custom_heading][\/vc_column][\/vc_row][vc_row][vc_column width=\u00bb1\/1&#8243;][vc_accordion typography=\u00bbadvanced\u00bb gutter_simple=\u00bb0&#8243; titles_font=\u00bbFira-Sans\u00bb titles_weight=\u00bb700&#8243; uncode_shortcode_id=\u00bb852834&#8243;][vc_accordion_tab gutter_size=\u00bb2&#8243; column_padding=\u00bb2&#8243; title=\u00bbFormulario de Reservas\u00bb tab_id=\u00bb1698940661-1-66&#8243;][vc_raw_html]JTVCY29udGFjdC1mb3JtLTclMjBpZCUzRCUyMjgxZmM0ZGIlMjIlMjB0aXRsZSUzRCUyMkZvcm11bGFyaW8lMjB2aXNpdGElMjBFUyUyMiU1RA==[\/vc_raw_html][\/vc_accordion_tab][\/vc_accordion][\/vc_column][\/vc_row][vc_row][vc_column width=\u00bb1\/1&#8243;][vc_custom_heading text_color=\u00bbcolor-jevc\u00bb heading_semantic=\u00bbdiv\u00bb text_font=\u00bbRoboto-Slab\u00bb text_size=\u00bbh4&#8243; text_weight=\u00bb700&#8243; uncode_shortcode_id=\u00bb146180&#8243; text_color_type=\u00bbuncode-palette\u00bb el_class=\u00bbsection-title-pearl\u00bb]C\u00d3MO LLEGAR[\/vc_custom_heading][vc_empty_space empty_h=\u00bb1&#8243;][vc_row_inner][vc_column_inner width=\u00bb1\/2&#8243;][vc_custom_heading text_color=\u00bbcolor-jevc\u00bb heading_semantic=\u00bbdiv\u00bb text_font=\u00bbFira-Sans\u00bb text_size=\u00bbfontsize-186462&#8243; text_weight=\u00bb700&#8243; sub_reduced=\u00bbyes\u00bb uncode_shortcode_id=\u00bb110793&#8243; text_color_type=\u00bbuncode-palette\u00bb]Museo de historia de la inmigraci\u00f3n de Catalu\u00f1a (MhiC)[\/vc_custom_heading][vc_raw_html]PGlmcmFtZSBzcmM9Imh0dHBzOi8vd3d3Lmdvb2dsZS5jb20vbWFwcy9lbWJlZD9wYj0hMW0xNCExbTghMW0zITFkMTE5NjYuMDQyMjY1ODQyOTgyITJkMi4yMTIzNTkhM2Q0MS40MjgxNDIhM20yITFpMTAyNCEyaTc2OCE0ZjEzLjEhM20zITFtMiExczB4MTJhNGJjYjE5ZGRkMTVkMyUzQTB4YTNhYzVmNTVlZDUyYWJlZSEyc011c2VvJTIwZGUlMjBIaXN0b3JpYSUyMGRlJTIwbGElMjBJbm1pZ3JhY2klQzMlQjNuJTIwZGUlMjBDYXRhbHUlQzMlQjFhITVlMCEzbTIhMXNlcyEyc3VzITR2MTY5OTM2ODY3MzkxNSE1bTIhMXNlcyEyc3VzIiB3aWR0aD0iMTAwJSIgaGVpZ2h0PSI1MDAiIHN0eWxlPSJib3JkZXI6MDsiIGFsbG93ZnVsbHNjcmVlbj0iIiBsb2FkaW5nPSJsYXp5IiByZWZlcnJlcnBvbGljeT0ibm8tcmVmZXJyZXItd2hlbi1kb3duZ3JhZGUiPjwvaWZyYW1lPg==[\/vc_raw_html][vc_custom_heading text_color=\u00bbcolor-jevc\u00bb heading_semantic=\u00bbdiv\u00bb text_font=\u00bbFira-Sans\u00bb text_size=\u00bb\u00bb text_weight=\u00bb300&#8243; uncode_shortcode_id=\u00bb197791&#8243; text_color_type=\u00bbuncode-palette\u00bb]<strong>Metro<\/strong><br \/>\nL\u00ednea 2 estaci\u00f3n, Verneda \/ L\u00ednea 2 y 4, estaci\u00f3n de la Pau<\/p>\n<p>&nbsp;<\/p>\n<p><strong>Autob\u00fas<\/strong><br \/>\nEn caso de utilizar el servicio de autob\u00fas las paradas en las que tendr\u00e1 que bajar, para acceder al museo, son las siguientes:<br \/>\nH10: La Verneda \u2013 Pol\u00edgon Montsol\u00eds (2 m\u00edn) del Mhic<br \/>\nB25 :La Verneda \u2013 Pol\u00edgon Montsol\u00eds (2m\u00edn)<br \/>\nV33: La Verneda \u2013 Pol\u00edgon Montsol\u00eds (2 m\u00edn)<br \/>\n42: Extremadura \u2013 Carretera de Matar\u00f3 (9 m\u00edn)<br \/>\n60: Via Trajana \u2013 Guip\u00fascoa (7 m\u00edn)<br \/>\nB 20: Ricart (7 m\u00edn)<br \/>\nM 30: Sant Adria Centre (8m\u00edn)<br \/>\nB:23 Ricart (7 m\u00edn)<\/p>\n<p>&nbsp;<\/p>\n<p><strong>Parking<\/strong><br \/>\nEl museo dispone de Parking[\/vc_custom_heading][\/vc_column_inner][vc_column_inner width=\u00bb1\/2&#8243;][vc_custom_heading text_color=\u00bbcolor-jevc\u00bb heading_semantic=\u00bbdiv\u00bb text_font=\u00bbFira-Sans\u00bb text_size=\u00bbfontsize-186462&#8243; text_weight=\u00bb700&#8243; sub_reduced=\u00bbyes\u00bb uncode_shortcode_id=\u00bb137320&#8243; text_color_type=\u00bbuncode-palette\u00bb]Refugio Antia\u00e9reo de la Placeta Maci\u00e0[\/vc_custom_heading][vc_raw_html]PGlmcmFtZSBzcmM9Imh0dHBzOi8vd3d3Lmdvb2dsZS5jb20vbWFwcy9lbWJlZD9wYj0hMW0xNCExbTghMW0zITFkMTE5NjYuMDQwMzQ5MDY0MTA3ITJkMi4yMjM0ODA1ITNkNDEuNDI4MTUyNCEzbTIhMWkxMDI0ITJpNzY4ITRmMTMuMSEzbTMhMW0yITFzMHgxMmE0YmNhODI2ODRkMzRiJTNBMHhmOTk3M2Y0YWFiNGFlZDYhMnNSZWZ1Z2klMjBBbnRpYWVyaSUyMGRlJTIwbGElMjBQbGFjZXRhJTIwTWFjaSVDMyVBMCE1ZTAhM20yITFzZXMhMnNlcyE0djE2OTkzNjg3NjYzOTEhNW0yITFzZXMhMnNlcyIgd2lkdGg9IjEwMCUiIGhlaWdodD0iNTAwIiBzdHlsZT0iYm9yZGVyOjA7IiBhbGxvd2Z1bGxzY3JlZW49IiIgbG9hZGluZz0ibGF6eSIgcmVmZXJyZXJwb2xpY3k9Im5vLXJlZmVycmVyLXdoZW4tZG93bmdyYWRlIj48L2lmcmFtZT4=[\/vc_raw_html][vc_custom_heading text_color=\u00bbcolor-jevc\u00bb heading_semantic=\u00bbdiv\u00bb text_font=\u00bbFira-Sans\u00bb text_size=\u00bb\u00bb text_weight=\u00bb300&#8243; uncode_shortcode_id=\u00bb681634&#8243; text_color_type=\u00bbuncode-palette\u00bb]<strong>Metro<\/strong><br \/>\nL\u00ednea 2 (lila) Estaci\u00f3n: Artigues \/ Sant Adri\u00e0<\/p>\n<p>&nbsp;<\/p>\n<p><strong>Trambes\u00f2s<\/strong><br \/>\nL\u00ednia T5: Gl\u00f2ries \u2013 Gorg Parada: Sant Joan Baptista<\/p>\n<p>&nbsp;<\/p>\n<p><strong>Tren<\/strong><br \/>\nRENFE \u2013 Rodalies<br \/>\nL\u00ednia C1: Barcelona \u2013 Ma\u00e7anet MassanesEstaci\u00f3: Sant Adri\u00e0 de Bes\u00f2s<\/p>\n<p>&nbsp;<\/p>\n<p><strong>Autob\u00fas<\/strong><br \/>\nLos autobuses que pasan junto o muy cerca del Refugio son:<br \/>\nTUGSAL: B-14, B-21, B-23, B-26<br \/>\nTMB: 43, 44[\/vc_custom_heading][\/vc_column_inner][\/vc_row_inner][vc_empty_space empty_h=\u00bb2&#8243;][\/vc_column][\/vc_row]<\/p>\n<\/section>","protected":false},"excerpt":{"rendered":"<p>[vc_row row_height_percent=\u00bb0&#8243; override_padding=\u00bbyes\u00bb h_padding=\u00bb2&#8243; top_padding=\u00bb3&#8243; bottom_padding=\u00bb2&#8243; overlay_alpha=\u00bb50&#8243; gutter_size=\u00bb3&#8243; column_width_percent=\u00bb100&#8243; shift_y=\u00bb0&#8243; z_index=\u00bb0&#8243; uncode_shortcode_id=\u00bb330958&#8243;][vc_column width=\u00bb1\/1&#8243;][vc_custom_heading text_color=\u00bbcolor-jevc\u00bb heading_semantic=\u00bbdiv\u00bb text_font=\u00bbRoboto-Slab\u00bb text_size=\u00bbh4&#8243; text_weight=\u00bb700&#8243; uncode_shortcode_id=\u00bb383991&#8243; text_color_type=\u00bbuncode-palette\u00bb [&hellip;]<\/p>\n","protected":false},"author":1,"featured_media":0,"parent":0,"menu_order":0,"comment_status":"closed","ping_status":"closed","template":"","meta":{"footnotes":""},"acf":[],"_links":{"self":[{"href":"https:\/\/www.mhic.cat\/es\/wp-json\/wp\/v2\/pages\/21172"}],"collection":[{"href":"https:\/\/www.mhic.cat\/es\/wp-json\/wp\/v2\/pages"}],"about":[{"href":"https:\/\/www.mhic.cat\/es\/wp-json\/wp\/v2\/types\/page"}],"author":[{"embeddable":true,"href":"https:\/\/www.mhic.cat\/es\/wp-json\/wp\/v2\/users\/1"}],"replies":[{"embeddable":true,"href":"https:\/\/www.mhic.cat\/es\/wp-json\/wp\/v2\/comments?post=21172"}],"version-history":[{"count":5,"href":"https:\/\/www.mhic.cat\/es\/wp-json\/wp\/v2\/pages\/21172\/revisions"}],"predecessor-version":[{"id":22655,"href":"https:\/\/www.mhic.cat\/es\/wp-json\/wp\/v2\/pages\/21172\/revisions\/22655"}],"wp:attachment":[{"href":"https:\/\/www.mhic.cat\/es\/wp-json\/wp\/v2\/media?parent=21172"}],"curies":[{"name":"wp","href":"https:\/\/api.w.org\/{rel}","templated":true}]}}